{"id":246,"date":"2024-10-05T15:35:53","date_gmt":"2024-10-05T15:35:53","guid":{"rendered":"https:\/\/www.nadinesalem.fr\/?page_id=246"},"modified":"2026-01-05T11:40:47","modified_gmt":"2026-01-05T11:40:47","slug":"mentions-legales","status":"publish","type":"page","link":"https:\/\/www.nadinesalem.fr\/en\/mentions-legales\/","title":{"rendered":"Legal Notice"},"content":{"rendered":"<div data-elementor-type=\"wp-page\" data-elementor-id=\"246\" class=\"elementor elementor-246\" data-elementor-post-type=\"page\">\n\t\t\t\t<div class=\"elementor-element elementor-element-571ea72 e-flex e-con-boxed e-con e-parent\" data-id=\"571ea72\" data-element_type=\"container\">\n\t\t\t\t\t<div class=\"e-con-inner\">\n\t\t\t\t<div class=\"elementor-element elementor-element-2578d99 elementor-widget elementor-widget-heading\" data-id=\"2578d99\" data-element_type=\"widget\" data-widget_type=\"heading.default\">\n\t\t\t\t<div class=\"elementor-widget-container\">\n\t\t\t\t\t<h1 class=\"elementor-heading-title elementor-size-default\">Mentions L\u00e9gales<\/h1>\t\t\t\t<\/div>\n\t\t\t\t<\/div>\n\t\t\t\t\t<\/div>\n\t\t\t\t<\/div>\n\t\t<div class=\"elementor-element elementor-element-20b3ca1 e-flex e-con-boxed e-con e-child\" data-id=\"20b3ca1\" data-element_type=\"container\" data-settings=\"{&quot;background_background&quot;:&quot;classic&quot;}\">\n\t\t\t\t\t<div class=\"e-con-inner\">\n\t\t\t\t<div class=\"elementor-element elementor-element-a7b7a24 elementor-widget elementor-widget-heading\" data-id=\"a7b7a24\" data-element_type=\"widget\" data-widget_type=\"heading.default\">\n\t\t\t\t<div class=\"elementor-widget-container\">\n\t\t\t\t\t<h2 class=\"elementor-heading-title elementor-size-default\">Publisher<\/h2>\t\t\t\t<\/div>\n\t\t\t\t<\/div>\n\t\t\t\t<div class=\"elementor-element elementor-element-96e5126 elementor-widget elementor-widget-text-editor\" data-id=\"96e5126\" data-element_type=\"widget\" data-widget_type=\"text-editor.default\">\n\t\t\t\t<div class=\"elementor-widget-container\">\n\t\t\t\t\t\t\t\t\t<p>Nadine Salem<\/p><p>4 rue Jeanne d\u2019Arc<\/p><p>17300 Rochefort<\/p><p>Phone: <a href=\"tel:+33643130497\" target=\"_blank\" rel=\"noopener\">06 43 13 04 97<\/a><\/p><p><a href=\"mailto:contact@nadinesalem.fr\" target=\"_blank\" rel=\"noopener\">contact@nadinesalem.fr<\/a><\/p><p>www.nadine-salem.over-blog.com<\/p><p>Facebook: nadine salem peinture<\/p>\t\t\t\t\t\t\t\t<\/div>\n\t\t\t\t<\/div>\n\t\t<div class=\"elementor-element elementor-element-8a0c2b5 e-con-full e-flex e-con e-child\" data-id=\"8a0c2b5\" data-element_type=\"container\" data-settings=\"{&quot;background_background&quot;:&quot;classic&quot;}\">\n\t\t\t\t<div class=\"elementor-element elementor-element-6fbc83e elementor-widget elementor-widget-image\" data-id=\"6fbc83e\" data-element_type=\"widget\" data-widget_type=\"image.default\">\n\t\t\t\t<div class=\"elementor-widget-container\">\n\t\t\t\t\t\t\t\t\t\t\t\t\t\t\t<img decoding=\"async\" src=\"https:\/\/www.nadinesalem.fr\/wp-content\/uploads\/sow-salem-logo.svg\" class=\"attachment-full size-full wp-image-290\" alt=\"Nadine Salem\" \/>\t\t\t\t\t\t\t\t\t\t\t\t\t\t\t<\/div>\n\t\t\t\t<\/div>\n\t\t\t\t<\/div>\n\t\t\t\t<div class=\"elementor-element elementor-element-c0b2763 elementor-widget elementor-widget-heading\" data-id=\"c0b2763\" data-element_type=\"widget\" data-widget_type=\"heading.default\">\n\t\t\t\t<div class=\"elementor-widget-container\">\n\t\t\t\t\t<h2 class=\"elementor-heading-title elementor-size-default\">Host<\/h2>\t\t\t\t<\/div>\n\t\t\t\t<\/div>\n\t\t\t\t<div class=\"elementor-element elementor-element-769f1d7 elementor-widget elementor-widget-text-editor\" data-id=\"769f1d7\" data-element_type=\"widget\" data-widget_type=\"text-editor.default\">\n\t\t\t\t<div class=\"elementor-widget-container\">\n\t\t\t\t\t\t\t\t\t<p>Sowebio SARL &#8211; Agence web Aquitaine<\/p><p>15 rue du Temple<br \/>17310 St Pierre d\u2019Ol\u00e9ron<br \/>Phone: <a href=\"tel:+33546855840\" target=\"_blank\" rel=\"noopener\">05 46 85 58 40<\/a><\/p><p><a href=\"mailto:contact@soweb.io\" target=\"_blank\" rel=\"noopener\">contact@soweb.io<\/a><br \/><a href=\"https:\/\/www.soweb.io\" target=\"_blank\" rel=\"noopener\">www.soweb.io<\/a><\/p><p>RCS La Rochelle : 844 060 046<br \/>SIRET : 844016004600019<\/p>\t\t\t\t\t\t\t\t<\/div>\n\t\t\t\t<\/div>\n\t\t<div class=\"elementor-element elementor-element-99f8fdf e-con-full e-flex e-con e-child\" data-id=\"99f8fdf\" data-element_type=\"container\" data-settings=\"{&quot;background_background&quot;:&quot;classic&quot;}\">\n\t\t\t\t<div class=\"elementor-element elementor-element-592e328 elementor-widget elementor-widget-image\" data-id=\"592e328\" data-element_type=\"widget\" data-widget_type=\"image.default\">\n\t\t\t\t<div class=\"elementor-widget-container\">\n\t\t\t\t\t\t\t\t\t\t\t\t\t\t\t<img fetchpriority=\"high\" decoding=\"async\" width=\"710\" height=\"98\" src=\"https:\/\/www.nadinesalem.fr\/wp-content\/uploads\/logo-sowebio-long-sow-.png\" class=\"attachment-full size-full wp-image-1006\" alt=\"Sowebio\" srcset=\"https:\/\/www.nadinesalem.fr\/wp-content\/uploads\/logo-sowebio-long-sow-.png 710w, https:\/\/www.nadinesalem.fr\/wp-content\/uploads\/logo-sowebio-long-sow--300x41.png 300w\" sizes=\"(max-width: 710px) 100vw, 710px\" \/>\t\t\t\t\t\t\t\t\t\t\t\t\t\t\t<\/div>\n\t\t\t\t<\/div>\n\t\t\t\t<\/div>\n\t\t\t\t<div class=\"elementor-element elementor-element-ba6d698 elementor-widget elementor-widget-text-editor\" data-id=\"ba6d698\" data-element_type=\"widget\" data-widget_type=\"text-editor.default\">\n\t\t\t\t<div class=\"elementor-widget-container\">\n\t\t\t\t\t\t\t\t\t<p>The hosting provider manages and operates the websites and associated services (email servers, cloud drives, statistical analysis, backups, monitoring, etc.) using its own physical servers, backed by multi-domain expertise.<\/p><p>Sowebio owns its own private European network with 2 Gbps capacity, built on OVHcloud\u2019s fiber-optic backbone.<\/p><p>In compliance with the GDPR, the infrastructure is located exclusively in France (Gravelines, Paris, Roubaix, Strasbourg) and in Europe (Frankfurt), within OVHcloud datacenters, the leading European hosting provider.<\/p><p>The infrastructure benefits from OVHcloud\u2019s global fiber-optic network, with several dozen points of presence and datacenters across the main continents, as well as from the most effective distributed denial-of-service (DDoS) protection technology on the market.<\/p>\t\t\t\t\t\t\t\t<\/div>\n\t\t\t\t<\/div>\n\t\t\t\t<div class=\"elementor-element elementor-element-9eb19a6 elementor-widget elementor-widget-heading\" data-id=\"9eb19a6\" data-element_type=\"widget\" data-widget_type=\"heading.default\">\n\t\t\t\t<div class=\"elementor-widget-container\">\n\t\t\t\t\t<h2 class=\"elementor-heading-title elementor-size-default\">Intellectual property<\/h2>\t\t\t\t<\/div>\n\t\t\t\t<\/div>\n\t\t\t\t<div class=\"elementor-element elementor-element-a502089 elementor-widget elementor-widget-text-editor\" data-id=\"a502089\" data-element_type=\"widget\" data-widget_type=\"text-editor.default\">\n\t\t\t\t<div class=\"elementor-widget-container\">\n\t\t\t\t\t\t\t\t\t<p>The website and its components may contain confidential information or information protected by intellectual property law or any other applicable legislation.<\/p><p>Intellectual property rights over the original content of the website are the exclusive property of the publisher. It is strictly forbidden for any user of the website to copy, modify, create derivative works, combine, decompile, assign, sublicense, or transfer, in any way whatsoever, any element of the website.<\/p>\t\t\t\t\t\t\t\t<\/div>\n\t\t\t\t<\/div>\n\t\t\t\t<div class=\"elementor-element elementor-element-140f003 elementor-widget elementor-widget-heading\" data-id=\"140f003\" data-element_type=\"widget\" data-widget_type=\"heading.default\">\n\t\t\t\t<div class=\"elementor-widget-container\">\n\t\t\t\t\t<h2 class=\"elementor-heading-title elementor-size-default\">Credits &amp; Copyrights<\/h2>\t\t\t\t<\/div>\n\t\t\t\t<\/div>\n\t\t\t\t<div class=\"elementor-element elementor-element-b69b0b5 elementor-widget elementor-widget-text-editor\" data-id=\"b69b0b5\" data-element_type=\"widget\" data-widget_type=\"text-editor.default\">\n\t\t\t\t<div class=\"elementor-widget-container\">\n\t\t\t\t\t\t\t\t\t<p>Nadine Salem, 123RF, Pixabay, Galerie des Poissons Volants, Cousu mer Royan, Art Gallery Jonzac, Sowebio<\/p>\t\t\t\t\t\t\t\t<\/div>\n\t\t\t\t<\/div>\n\t\t\t\t\t<\/div>\n\t\t\t\t<\/div>\n\t\t\t\t<\/div>","protected":false},"excerpt":{"rendered":"<p>Mentions L\u00e9gales \u00c9diteur de la publication Nadine Salem 4 rue Jeanne d\u2019Arc 17300 Rochefort T\u00e9l : 06 43 13 04 97 contact@nadinesalem.fr www.nadine-salem.over-blog.com Facebook: nadine salem peinture H\u00e9bergeur Sowebio SARL &#8211; Agence web Aquitaine 15 rue du Temple17310 St Pierre d\u2019Ol\u00e9ronT\u00e9l : 05 46 85 58 40 contact@soweb.iowww.soweb.io RCS La Rochelle : 844 060 046SIRET [&hellip;]<\/p>\n","protected":false},"author":6,"featured_media":0,"parent":0,"menu_order":0,"comment_status":"closed","ping_status":"closed","template":"","meta":{"footnotes":""},"class_list":["post-246","page","type-page","status-publish","hentry"],"yoast_head":"<!-- This site is optimized with the Yoast SEO plugin v27.4 - https:\/\/yoast.com\/product\/yoast-seo-wordpress\/ -->\n<title>Mentions l\u00e9gales - Nadine Salem<\/title>\n<meta name=\"robots\" content=\"index, follow, max-snippet:-1, max-image-preview:large, max-video-preview:-1\" \/>\n<link rel=\"canonical\" href=\"https:\/\/www.nadinesalem.fr\/en\/mentions-legales\/\" \/>\n<meta property=\"og:locale\" content=\"en_GB\" \/>\n<meta property=\"og:type\" content=\"article\" \/>\n<meta property=\"og:title\" content=\"Mentions l\u00e9gales - Nadine Salem\" \/>\n<meta property=\"og:description\" content=\"Mentions L\u00e9gales \u00c9diteur de la publication Nadine Salem 4 rue Jeanne d\u2019Arc 17300 Rochefort T\u00e9l : 06 43 13 04 97 contact@nadinesalem.fr www.nadine-salem.over-blog.com Facebook: nadine salem peinture H\u00e9bergeur Sowebio SARL &#8211; Agence web Aquitaine 15 rue du Temple17310 St Pierre d\u2019Ol\u00e9ronT\u00e9l : 05 46 85 58 40 contact@soweb.iowww.soweb.io RCS La Rochelle : 844 060 046SIRET [&hellip;]\" \/>\n<meta property=\"og:url\" content=\"https:\/\/www.nadinesalem.fr\/en\/mentions-legales\/\" \/>\n<meta property=\"og:site_name\" content=\"Nadine Salem\" \/>\n<meta property=\"article:publisher\" content=\"https:\/\/www.facebook.com\/nadine.salem.peintre?locale=fr_FR\" \/>\n<meta property=\"article:modified_time\" content=\"2026-01-05T11:40:47+00:00\" \/>\n<meta name=\"twitter:card\" content=\"summary_large_image\" \/>\n<meta name=\"twitter:label1\" content=\"Estimated reading time\" \/>\n\t<meta name=\"twitter:data1\" content=\"2 minutes\" \/>\n<script type=\"application\/ld+json\" class=\"yoast-schema-graph\">{\"@context\":\"https:\\\/\\\/schema.org\",\"@graph\":[{\"@type\":\"WebPage\",\"@id\":\"https:\\\/\\\/www.nadinesalem.fr\\\/mentions-legales\\\/\",\"url\":\"https:\\\/\\\/www.nadinesalem.fr\\\/mentions-legales\\\/\",\"name\":\"Mentions l\u00e9gales - Nadine Salem\",\"isPartOf\":{\"@id\":\"https:\\\/\\\/www.nadinesalem.fr\\\/#website\"},\"primaryImageOfPage\":{\"@id\":\"https:\\\/\\\/www.nadinesalem.fr\\\/mentions-legales\\\/#primaryimage\"},\"image\":{\"@id\":\"https:\\\/\\\/www.nadinesalem.fr\\\/mentions-legales\\\/#primaryimage\"},\"thumbnailUrl\":\"https:\\\/\\\/www.nadinesalem.fr\\\/wp-content\\\/uploads\\\/sow-salem-logo.svg\",\"datePublished\":\"2024-10-05T15:35:53+00:00\",\"dateModified\":\"2026-01-05T11:40:47+00:00\",\"breadcrumb\":{\"@id\":\"https:\\\/\\\/www.nadinesalem.fr\\\/mentions-legales\\\/#breadcrumb\"},\"inLanguage\":\"en-GB\",\"potentialAction\":[{\"@type\":\"ReadAction\",\"target\":[\"https:\\\/\\\/www.nadinesalem.fr\\\/mentions-legales\\\/\"]}]},{\"@type\":\"ImageObject\",\"inLanguage\":\"en-GB\",\"@id\":\"https:\\\/\\\/www.nadinesalem.fr\\\/mentions-legales\\\/#primaryimage\",\"url\":\"https:\\\/\\\/www.nadinesalem.fr\\\/wp-content\\\/uploads\\\/sow-salem-logo.svg\",\"contentUrl\":\"https:\\\/\\\/www.nadinesalem.fr\\\/wp-content\\\/uploads\\\/sow-salem-logo.svg\"},{\"@type\":\"BreadcrumbList\",\"@id\":\"https:\\\/\\\/www.nadinesalem.fr\\\/mentions-legales\\\/#breadcrumb\",\"itemListElement\":[{\"@type\":\"ListItem\",\"position\":1,\"name\":\"Home\",\"item\":\"https:\\\/\\\/www.nadinesalem.fr\\\/\"},{\"@type\":\"ListItem\",\"position\":2,\"name\":\"Mentions l\u00e9gales\"}]},{\"@type\":\"WebSite\",\"@id\":\"https:\\\/\\\/www.nadinesalem.fr\\\/#website\",\"url\":\"https:\\\/\\\/www.nadinesalem.fr\\\/\",\"name\":\"Nadine Salem\",\"description\":\"Le site de Nadine Salem\",\"publisher\":{\"@id\":\"https:\\\/\\\/www.nadinesalem.fr\\\/#organization\"},\"potentialAction\":[{\"@type\":\"SearchAction\",\"target\":{\"@type\":\"EntryPoint\",\"urlTemplate\":\"https:\\\/\\\/www.nadinesalem.fr\\\/?s={search_term_string}\"},\"query-input\":{\"@type\":\"PropertyValueSpecification\",\"valueRequired\":true,\"valueName\":\"search_term_string\"}}],\"inLanguage\":\"en-GB\"},{\"@type\":\"Organization\",\"@id\":\"https:\\\/\\\/www.nadinesalem.fr\\\/#organization\",\"name\":\"Nadine Salem\",\"url\":\"https:\\\/\\\/www.nadinesalem.fr\\\/\",\"logo\":{\"@type\":\"ImageObject\",\"inLanguage\":\"en-GB\",\"@id\":\"https:\\\/\\\/www.nadinesalem.fr\\\/#\\\/schema\\\/logo\\\/image\\\/\",\"url\":\"https:\\\/\\\/www.nadinesalem.fr\\\/wp-content\\\/uploads\\\/sow-salem-logo.svg\",\"contentUrl\":\"https:\\\/\\\/www.nadinesalem.fr\\\/wp-content\\\/uploads\\\/sow-salem-logo.svg\",\"width\":1,\"height\":1,\"caption\":\"Nadine Salem\"},\"image\":{\"@id\":\"https:\\\/\\\/www.nadinesalem.fr\\\/#\\\/schema\\\/logo\\\/image\\\/\"},\"sameAs\":[\"https:\\\/\\\/www.facebook.com\\\/nadine.salem.peintre?locale=fr_FR\"]}]}<\/script>\n<!-- \/ Yoast SEO plugin. -->","yoast_head_json":{"title":"Mentions l\u00e9gales - Nadine Salem","robots":{"index":"index","follow":"follow","max-snippet":"max-snippet:-1","max-image-preview":"max-image-preview:large","max-video-preview":"max-video-preview:-1"},"canonical":"https:\/\/www.nadinesalem.fr\/en\/mentions-legales\/","og_locale":"en_GB","og_type":"article","og_title":"Mentions l\u00e9gales - Nadine Salem","og_description":"Mentions L\u00e9gales \u00c9diteur de la publication Nadine Salem 4 rue Jeanne d\u2019Arc 17300 Rochefort T\u00e9l : 06 43 13 04 97 contact@nadinesalem.fr www.nadine-salem.over-blog.com Facebook: nadine salem peinture H\u00e9bergeur Sowebio SARL &#8211; Agence web Aquitaine 15 rue du Temple17310 St Pierre d\u2019Ol\u00e9ronT\u00e9l : 05 46 85 58 40 contact@soweb.iowww.soweb.io RCS La Rochelle : 844 060 046SIRET [&hellip;]","og_url":"https:\/\/www.nadinesalem.fr\/en\/mentions-legales\/","og_site_name":"Nadine Salem","article_publisher":"https:\/\/www.facebook.com\/nadine.salem.peintre?locale=fr_FR","article_modified_time":"2026-01-05T11:40:47+00:00","twitter_card":"summary_large_image","twitter_misc":{"Estimated reading time":"2 minutes"},"schema":{"@context":"https:\/\/schema.org","@graph":[{"@type":"WebPage","@id":"https:\/\/www.nadinesalem.fr\/mentions-legales\/","url":"https:\/\/www.nadinesalem.fr\/mentions-legales\/","name":"Mentions l\u00e9gales - Nadine Salem","isPartOf":{"@id":"https:\/\/www.nadinesalem.fr\/#website"},"primaryImageOfPage":{"@id":"https:\/\/www.nadinesalem.fr\/mentions-legales\/#primaryimage"},"image":{"@id":"https:\/\/www.nadinesalem.fr\/mentions-legales\/#primaryimage"},"thumbnailUrl":"https:\/\/www.nadinesalem.fr\/wp-content\/uploads\/sow-salem-logo.svg","datePublished":"2024-10-05T15:35:53+00:00","dateModified":"2026-01-05T11:40:47+00:00","breadcrumb":{"@id":"https:\/\/www.nadinesalem.fr\/mentions-legales\/#breadcrumb"},"inLanguage":"en-GB","potentialAction":[{"@type":"ReadAction","target":["https:\/\/www.nadinesalem.fr\/mentions-legales\/"]}]},{"@type":"ImageObject","inLanguage":"en-GB","@id":"https:\/\/www.nadinesalem.fr\/mentions-legales\/#primaryimage","url":"https:\/\/www.nadinesalem.fr\/wp-content\/uploads\/sow-salem-logo.svg","contentUrl":"https:\/\/www.nadinesalem.fr\/wp-content\/uploads\/sow-salem-logo.svg"},{"@type":"BreadcrumbList","@id":"https:\/\/www.nadinesalem.fr\/mentions-legales\/#breadcrumb","itemListElement":[{"@type":"ListItem","position":1,"name":"Home","item":"https:\/\/www.nadinesalem.fr\/"},{"@type":"ListItem","position":2,"name":"Mentions l\u00e9gales"}]},{"@type":"WebSite","@id":"https:\/\/www.nadinesalem.fr\/#website","url":"https:\/\/www.nadinesalem.fr\/","name":"Nadine Salem","description":"Le site de Nadine Salem","publisher":{"@id":"https:\/\/www.nadinesalem.fr\/#organization"},"potentialAction":[{"@type":"SearchAction","target":{"@type":"EntryPoint","urlTemplate":"https:\/\/www.nadinesalem.fr\/?s={search_term_string}"},"query-input":{"@type":"PropertyValueSpecification","valueRequired":true,"valueName":"search_term_string"}}],"inLanguage":"en-GB"},{"@type":"Organization","@id":"https:\/\/www.nadinesalem.fr\/#organization","name":"Nadine Salem","url":"https:\/\/www.nadinesalem.fr\/","logo":{"@type":"ImageObject","inLanguage":"en-GB","@id":"https:\/\/www.nadinesalem.fr\/#\/schema\/logo\/image\/","url":"https:\/\/www.nadinesalem.fr\/wp-content\/uploads\/sow-salem-logo.svg","contentUrl":"https:\/\/www.nadinesalem.fr\/wp-content\/uploads\/sow-salem-logo.svg","width":1,"height":1,"caption":"Nadine Salem"},"image":{"@id":"https:\/\/www.nadinesalem.fr\/#\/schema\/logo\/image\/"},"sameAs":["https:\/\/www.facebook.com\/nadine.salem.peintre?locale=fr_FR"]}]}},"_links":{"self":[{"href":"https:\/\/www.nadinesalem.fr\/en\/wp-json\/wp\/v2\/pages\/246","targetHints":{"allow":["GET"]}}],"collection":[{"href":"https:\/\/www.nadinesalem.fr\/en\/wp-json\/wp\/v2\/pages"}],"about":[{"href":"https:\/\/www.nadinesalem.fr\/en\/wp-json\/wp\/v2\/types\/page"}],"author":[{"embeddable":true,"href":"https:\/\/www.nadinesalem.fr\/en\/wp-json\/wp\/v2\/users\/6"}],"replies":[{"embeddable":true,"href":"https:\/\/www.nadinesalem.fr\/en\/wp-json\/wp\/v2\/comments?post=246"}],"version-history":[{"count":5,"href":"https:\/\/www.nadinesalem.fr\/en\/wp-json\/wp\/v2\/pages\/246\/revisions"}],"predecessor-version":[{"id":1822,"href":"https:\/\/www.nadinesalem.fr\/en\/wp-json\/wp\/v2\/pages\/246\/revisions\/1822"}],"wp:attachment":[{"href":"https:\/\/www.nadinesalem.fr\/en\/wp-json\/wp\/v2\/media?parent=246"}],"curies":[{"name":"wp","href":"https:\/\/api.w.org\/{rel}","templated":true}]}}