{"id":251,"date":"2024-10-05T15:38:05","date_gmt":"2024-10-05T15:38:05","guid":{"rendered":"https:\/\/www.nadinesalem.fr\/?page_id=251"},"modified":"2026-01-06T08:34:04","modified_gmt":"2026-01-06T08:34:04","slug":"politique-de-confidentialite","status":"publish","type":"page","link":"https:\/\/www.nadinesalem.fr\/en\/politique-de-confidentialite\/","title":{"rendered":"Privacy Policy"},"content":{"rendered":"<div data-elementor-type=\"wp-page\" data-elementor-id=\"251\" class=\"elementor elementor-251\" data-elementor-post-type=\"page\">\n\t\t\t\t<div class=\"elementor-element elementor-element-1ed7f31 e-flex e-con-boxed e-con e-parent\" data-id=\"1ed7f31\" data-element_type=\"container\">\n\t\t\t\t\t<div class=\"e-con-inner\">\n\t\t\t\t<div class=\"elementor-element elementor-element-5f14484 elementor-widget elementor-widget-heading\" data-id=\"5f14484\" data-element_type=\"widget\" data-widget_type=\"heading.default\">\n\t\t\t\t<div class=\"elementor-widget-container\">\n\t\t\t\t\t<h1 class=\"elementor-heading-title elementor-size-default\">Privacy Policy<\/h1>\t\t\t\t<\/div>\n\t\t\t\t<\/div>\n\t\t\t\t\t<\/div>\n\t\t\t\t<\/div>\n\t\t<div class=\"elementor-element elementor-element-36afe6d e-con-full e-flex e-con e-child\" data-id=\"36afe6d\" data-element_type=\"container\" data-settings=\"{&quot;background_background&quot;:&quot;classic&quot;}\">\n\t\t\t\t<div class=\"elementor-element elementor-element-d2ffb1e elementor-widget elementor-widget-heading\" data-id=\"d2ffb1e\" data-element_type=\"widget\" data-widget_type=\"heading.default\">\n\t\t\t\t<div class=\"elementor-widget-container\">\n\t\t\t\t\t<h2 class=\"elementor-heading-title elementor-size-default\">Collected data<\/h2>\t\t\t\t<\/div>\n\t\t\t\t<\/div>\n\t\t\t\t<div class=\"elementor-element elementor-element-10d02d7 elementor-widget elementor-widget-text-editor\" data-id=\"10d02d7\" data-element_type=\"widget\" data-widget_type=\"text-editor.default\">\n\t\t\t\t<div class=\"elementor-widget-container\">\n\t\t\t\t\t\t\t\t\t<p>Your IP address is anonymized, and only the portion needed to identify the country is retained. We collect your web browser type and operating system. The data is automatically deleted within a time frame that complies with applicable regulations.<\/p><p>If this website contains a contact form, your permission is required before you can use it. In that case, we collect the information you provide, such as your name, email address, and any other relevant information requested in the form. The data is automatically deleted within a time frame that complies with applicable regulations.<\/p>\t\t\t\t\t\t\t\t<\/div>\n\t\t\t\t<\/div>\n\t\t\t\t<div class=\"elementor-element elementor-element-2a88674 elementor-widget elementor-widget-heading\" data-id=\"2a88674\" data-element_type=\"widget\" data-widget_type=\"heading.default\">\n\t\t\t\t<div class=\"elementor-widget-container\">\n\t\t\t\t\t<h2 class=\"elementor-heading-title elementor-size-default\">Purpose of the data<\/h2>\t\t\t\t<\/div>\n\t\t\t\t<\/div>\n\t\t\t\t<div class=\"elementor-element elementor-element-c17d4d6 elementor-widget elementor-widget-text-editor\" data-id=\"c17d4d6\" data-element_type=\"widget\" data-widget_type=\"text-editor.default\">\n\t\t\t\t<div class=\"elementor-widget-container\">\n\t\t\t\t\t\t\t\t\t<p>Depending on the case, the hosting provider processes the data collected via the website for the following main purposes:<\/p><ul><li>Managing, handling, and tracking your requests and your exchanges with the company;<\/li><li>Improving and optimizing the quality and features of the website;<\/li><li>Producing and preparing studies, analyses, reports, and statistics.<\/li><\/ul>\t\t\t\t\t\t\t\t<\/div>\n\t\t\t\t<\/div>\n\t\t\t\t<div class=\"elementor-element elementor-element-38d2bd1 elementor-widget elementor-widget-heading\" data-id=\"38d2bd1\" data-element_type=\"widget\" data-widget_type=\"heading.default\">\n\t\t\t\t<div class=\"elementor-widget-container\">\n\t\t\t\t\t<h2 class=\"elementor-heading-title elementor-size-default\">Data management<\/h2>\t\t\t\t<\/div>\n\t\t\t\t<\/div>\n\t\t\t\t<div class=\"elementor-element elementor-element-3b6bf2f elementor-widget elementor-widget-text-editor\" data-id=\"3b6bf2f\" data-element_type=\"widget\" data-widget_type=\"text-editor.default\">\n\t\t\t\t<div class=\"elementor-widget-container\">\n\t\t\t\t\t\t\t\t\t<p>How is consent obtained?<\/p><ul><li>Consent is never assumed by default. We will always ask for your explicit consent, clearly stating the context in which your data is collected.<\/li><\/ul><p>How can I withdraw my consent or control my data?<\/p><p>Contact the hosting provider:<\/p><ul><li>If you no longer consent to your data being used in the manner that was originally agreed;<\/li><li>If you wish to access, modify, or delete your personal data.<\/li><\/ul>\t\t\t\t\t\t\t\t<\/div>\n\t\t\t\t<\/div>\n\t\t\t\t<div class=\"elementor-element elementor-element-6e97544 elementor-widget elementor-widget-heading\" data-id=\"6e97544\" data-element_type=\"widget\" data-widget_type=\"heading.default\">\n\t\t\t\t<div class=\"elementor-widget-container\">\n\t\t\t\t\t<h2 class=\"elementor-heading-title elementor-size-default\">Destination of the data<\/h2>\t\t\t\t<\/div>\n\t\t\t\t<\/div>\n\t\t\t\t<div class=\"elementor-element elementor-element-b14d227 elementor-widget elementor-widget-text-editor\" data-id=\"b14d227\" data-element_type=\"widget\" data-widget_type=\"text-editor.default\">\n\t\t\t\t<div class=\"elementor-widget-container\">\n\t\t\t\t\t\t\t\t\t<p>Your personal data is intended for authorized departments and staff members within the company.<\/p><p>It may be shared, for some of the purposes mentioned above and only where such disclosure is necessary, with personnel who may be involved in the processing of the personal data described herein.<\/p>\t\t\t\t\t\t\t\t<\/div>\n\t\t\t\t<\/div>\n\t\t\t\t<div class=\"elementor-element elementor-element-a1def4f elementor-widget elementor-widget-heading\" data-id=\"a1def4f\" data-element_type=\"widget\" data-widget_type=\"heading.default\">\n\t\t\t\t<div class=\"elementor-widget-container\">\n\t\t\t\t\t<h2 class=\"elementor-heading-title elementor-size-default\">Disclosure of data<\/h2>\t\t\t\t<\/div>\n\t\t\t\t<\/div>\n\t\t\t\t<div class=\"elementor-element elementor-element-b3101c0 elementor-widget elementor-widget-text-editor\" data-id=\"b3101c0\" data-element_type=\"widget\" data-widget_type=\"text-editor.default\">\n\t\t\t\t<div class=\"elementor-widget-container\">\n\t\t\t\t\t\t\t\t\t<p>We may disclose your personal information if we are required to do so by law.<\/p><p>No servers are hosted in the United States: the data handled by the hosting provider is not subject to the Patriot Act.<\/p>\t\t\t\t\t\t\t\t<\/div>\n\t\t\t\t<\/div>\n\t\t\t\t<div class=\"elementor-element elementor-element-8ffc826 elementor-widget elementor-widget-heading\" data-id=\"8ffc826\" data-element_type=\"widget\" data-widget_type=\"heading.default\">\n\t\t\t\t<div class=\"elementor-widget-container\">\n\t\t\t\t\t<h2 class=\"elementor-heading-title elementor-size-default\">Data security \u2013 for all websites<\/h2>\t\t\t\t<\/div>\n\t\t\t\t<\/div>\n\t\t\t\t<div class=\"elementor-element elementor-element-dbffdd7 elementor-widget elementor-widget-text-editor\" data-id=\"dbffdd7\" data-element_type=\"widget\" data-widget_type=\"text-editor.default\">\n\t\t\t\t<div class=\"elementor-widget-container\">\n\t\t\t\t\t\t\t\t\t<p>All our websites use a high level of encryption.<\/p><p>Your data is collected within the hosting provider\u2019s infrastructure and is protected by a set of measures in line with standard practices.<\/p><p>We apply industry-recognized standards and practices to ensure an appropriate level of security.<\/p>\t\t\t\t\t\t\t\t<\/div>\n\t\t\t\t<\/div>\n\t\t\t\t<div class=\"elementor-element elementor-element-2144bce elementor-widget elementor-widget-heading\" data-id=\"2144bce\" data-element_type=\"widget\" data-widget_type=\"heading.default\">\n\t\t\t\t<div class=\"elementor-widget-container\">\n\t\t\t\t\t<h2 class=\"elementor-heading-title elementor-size-default\">Links and external websites<\/h2>\t\t\t\t<\/div>\n\t\t\t\t<\/div>\n\t\t\t\t<div class=\"elementor-element elementor-element-0aee0e8 elementor-widget elementor-widget-text-editor\" data-id=\"0aee0e8\" data-element_type=\"widget\" data-widget_type=\"text-editor.default\">\n\t\t\t\t<div class=\"elementor-widget-container\">\n\t\t\t\t\t\t\t\t\t<p>You may leave this website by clicking certain links. These links generally open in a new tab. We are not responsible for the content of these external links.<\/p>\t\t\t\t\t\t\t\t<\/div>\n\t\t\t\t<\/div>\n\t\t\t\t<div class=\"elementor-element elementor-element-5fa04a1 elementor-widget elementor-widget-heading\" data-id=\"5fa04a1\" data-element_type=\"widget\" data-widget_type=\"heading.default\">\n\t\t\t\t<div class=\"elementor-widget-container\">\n\t\t\t\t\t<h2 class=\"elementor-heading-title elementor-size-default\">Age of consent<\/h2>\t\t\t\t<\/div>\n\t\t\t\t<\/div>\n\t\t\t\t<div class=\"elementor-element elementor-element-cfc17d8 elementor-widget elementor-widget-text-editor\" data-id=\"cfc17d8\" data-element_type=\"widget\" data-widget_type=\"text-editor.default\">\n\t\t\t\t<div class=\"elementor-widget-container\">\n\t\t\t\t\t\t\t\t\t<p>By using this website, you confirm that you are at least the age of majority in your state, and that you have given us your consent to allow any minor in your care to use this website.<\/p>\t\t\t\t\t\t\t\t<\/div>\n\t\t\t\t<\/div>\n\t\t\t\t<div class=\"elementor-element elementor-element-c35472a elementor-widget elementor-widget-heading\" data-id=\"c35472a\" data-element_type=\"widget\" data-widget_type=\"heading.default\">\n\t\t\t\t<div class=\"elementor-widget-container\">\n\t\t\t\t\t<h2 class=\"elementor-heading-title elementor-size-default\">Changes to this privacy policy<\/h2>\t\t\t\t<\/div>\n\t\t\t\t<\/div>\n\t\t\t\t<div class=\"elementor-element elementor-element-b65c9ae elementor-widget elementor-widget-text-editor\" data-id=\"b65c9ae\" data-element_type=\"widget\" data-widget_type=\"text-editor.default\">\n\t\t\t\t<div class=\"elementor-widget-container\">\n\t\t\t\t\t\t\t\t\t<p>Please review this privacy policy frequently, as it may be updated at any time. Changes will take effect immediately upon being posted on this website. In addition, all personal data collection forms on our site include a link to this policy.<\/p>\t\t\t\t\t\t\t\t<\/div>\n\t\t\t\t<\/div>\n\t\t\t\t<div class=\"elementor-element elementor-element-42dfd48 elementor-widget elementor-widget-heading\" data-id=\"42dfd48\" data-element_type=\"widget\" data-widget_type=\"heading.default\">\n\t\t\t\t<div class=\"elementor-widget-container\">\n\t\t\t\t\t<h2 class=\"elementor-heading-title elementor-size-default\">Cookies used<\/h2>\t\t\t\t<\/div>\n\t\t\t\t<\/div>\n\t\t\t\t<div class=\"elementor-element elementor-element-1c49848 elementor-widget elementor-widget-text-editor\" data-id=\"1c49848\" data-element_type=\"widget\" data-widget_type=\"text-editor.default\">\n\t\t\t\t<div class=\"elementor-widget-container\">\n\t\t\t\t\t\t\t\t\t<p>This website uses cookies in compliance with the GDPR for the following purposes:<\/p><ul><li>Functional needs;<\/li><li>Gathering anonymous browsing statistics in order to improve the user experience;<\/li><li>Enabling access to a member account and to content that is not available without logging in.<\/li><\/ul><div>\u00a0<\/div><p>The user acknowledges being informed of this practice and authorizes the hosting provider to use it.<\/p><p>Cookies are only stored temporarily on the user\u2019s computer. The user can refuse cookies and configure their browser to be warned before cookies are accepted. To do so, the user must adjust their browser settings accordingly.<\/p>\t\t\t\t\t\t\t\t<\/div>\n\t\t\t\t<\/div>\n\t\t\t\t<\/div>\n\t\t\t\t<\/div>","protected":false},"excerpt":{"rendered":"<p>Politique de confidentialit\u00e9 Donn\u00e9es recueillies Votre adresse IP est anonymis\u00e9e et la partie conserv\u00e9e n&rsquo;est utilis\u00e9e que pour identifier le pays. Nous recueillons le type de votre navigateur internet et de votre syst\u00e8me d&rsquo;exploitation. Les donn\u00e9es sont automatiquement effac\u00e9es dans un d\u00e9lai conforme \u00e0 la r\u00e9glementation. Si ce site web contient un formulaire de contact, [&hellip;]<\/p>\n","protected":false},"author":6,"featured_media":0,"parent":0,"menu_order":0,"comment_status":"closed","ping_status":"closed","template":"","meta":{"footnotes":""},"class_list":["post-251","page","type-page","status-publish","hentry"],"yoast_head":"<!-- This site is optimized with the Yoast SEO plugin v27.4 - https:\/\/yoast.com\/product\/yoast-seo-wordpress\/ -->\n<title>Politique de confidentialit\u00e9 - Nadine Salem<\/title>\n<meta name=\"robots\" content=\"index, follow, max-snippet:-1, max-image-preview:large, max-video-preview:-1\" \/>\n<link rel=\"canonical\" href=\"https:\/\/www.nadinesalem.fr\/en\/politique-de-confidentialite\/\" \/>\n<meta property=\"og:locale\" content=\"en_GB\" \/>\n<meta property=\"og:type\" content=\"article\" \/>\n<meta property=\"og:title\" content=\"Politique de confidentialit\u00e9 - Nadine Salem\" \/>\n<meta property=\"og:description\" content=\"Politique de confidentialit\u00e9 Donn\u00e9es recueillies Votre adresse IP est anonymis\u00e9e et la partie conserv\u00e9e n&rsquo;est utilis\u00e9e que pour identifier le pays. Nous recueillons le type de votre navigateur internet et de votre syst\u00e8me d&rsquo;exploitation. Les donn\u00e9es sont automatiquement effac\u00e9es dans un d\u00e9lai conforme \u00e0 la r\u00e9glementation. Si ce site web contient un formulaire de contact, [&hellip;]\" \/>\n<meta property=\"og:url\" content=\"https:\/\/www.nadinesalem.fr\/en\/politique-de-confidentialite\/\" \/>\n<meta property=\"og:site_name\" content=\"Nadine Salem\" \/>\n<meta property=\"article:publisher\" content=\"https:\/\/www.facebook.com\/nadine.salem.peintre?locale=fr_FR\" \/>\n<meta property=\"article:modified_time\" content=\"2026-01-06T08:34:04+00:00\" \/>\n<meta name=\"twitter:card\" content=\"summary_large_image\" \/>\n<meta name=\"twitter:label1\" content=\"Estimated reading time\" \/>\n\t<meta name=\"twitter:data1\" content=\"4 minutes\" \/>\n<script type=\"application\/ld+json\" class=\"yoast-schema-graph\">{\"@context\":\"https:\\\/\\\/schema.org\",\"@graph\":[{\"@type\":\"WebPage\",\"@id\":\"https:\\\/\\\/www.nadinesalem.fr\\\/politique-de-confidentialite\\\/\",\"url\":\"https:\\\/\\\/www.nadinesalem.fr\\\/politique-de-confidentialite\\\/\",\"name\":\"Politique de confidentialit\u00e9 - Nadine Salem\",\"isPartOf\":{\"@id\":\"https:\\\/\\\/www.nadinesalem.fr\\\/#website\"},\"datePublished\":\"2024-10-05T15:38:05+00:00\",\"dateModified\":\"2026-01-06T08:34:04+00:00\",\"breadcrumb\":{\"@id\":\"https:\\\/\\\/www.nadinesalem.fr\\\/politique-de-confidentialite\\\/#breadcrumb\"},\"inLanguage\":\"en-GB\",\"potentialAction\":[{\"@type\":\"ReadAction\",\"target\":[\"https:\\\/\\\/www.nadinesalem.fr\\\/politique-de-confidentialite\\\/\"]}]},{\"@type\":\"BreadcrumbList\",\"@id\":\"https:\\\/\\\/www.nadinesalem.fr\\\/politique-de-confidentialite\\\/#breadcrumb\",\"itemListElement\":[{\"@type\":\"ListItem\",\"position\":1,\"name\":\"Home\",\"item\":\"https:\\\/\\\/www.nadinesalem.fr\\\/\"},{\"@type\":\"ListItem\",\"position\":2,\"name\":\"Politique de confidentialit\u00e9\"}]},{\"@type\":\"WebSite\",\"@id\":\"https:\\\/\\\/www.nadinesalem.fr\\\/#website\",\"url\":\"https:\\\/\\\/www.nadinesalem.fr\\\/\",\"name\":\"Nadine Salem\",\"description\":\"Le site de Nadine Salem\",\"publisher\":{\"@id\":\"https:\\\/\\\/www.nadinesalem.fr\\\/#organization\"},\"potentialAction\":[{\"@type\":\"SearchAction\",\"target\":{\"@type\":\"EntryPoint\",\"urlTemplate\":\"https:\\\/\\\/www.nadinesalem.fr\\\/?s={search_term_string}\"},\"query-input\":{\"@type\":\"PropertyValueSpecification\",\"valueRequired\":true,\"valueName\":\"search_term_string\"}}],\"inLanguage\":\"en-GB\"},{\"@type\":\"Organization\",\"@id\":\"https:\\\/\\\/www.nadinesalem.fr\\\/#organization\",\"name\":\"Nadine Salem\",\"url\":\"https:\\\/\\\/www.nadinesalem.fr\\\/\",\"logo\":{\"@type\":\"ImageObject\",\"inLanguage\":\"en-GB\",\"@id\":\"https:\\\/\\\/www.nadinesalem.fr\\\/#\\\/schema\\\/logo\\\/image\\\/\",\"url\":\"https:\\\/\\\/www.nadinesalem.fr\\\/wp-content\\\/uploads\\\/sow-salem-logo.svg\",\"contentUrl\":\"https:\\\/\\\/www.nadinesalem.fr\\\/wp-content\\\/uploads\\\/sow-salem-logo.svg\",\"width\":1,\"height\":1,\"caption\":\"Nadine Salem\"},\"image\":{\"@id\":\"https:\\\/\\\/www.nadinesalem.fr\\\/#\\\/schema\\\/logo\\\/image\\\/\"},\"sameAs\":[\"https:\\\/\\\/www.facebook.com\\\/nadine.salem.peintre?locale=fr_FR\"]}]}<\/script>\n<!-- \/ Yoast SEO plugin. -->","yoast_head_json":{"title":"Politique de confidentialit\u00e9 - Nadine Salem","robots":{"index":"index","follow":"follow","max-snippet":"max-snippet:-1","max-image-preview":"max-image-preview:large","max-video-preview":"max-video-preview:-1"},"canonical":"https:\/\/www.nadinesalem.fr\/en\/politique-de-confidentialite\/","og_locale":"en_GB","og_type":"article","og_title":"Politique de confidentialit\u00e9 - Nadine Salem","og_description":"Politique de confidentialit\u00e9 Donn\u00e9es recueillies Votre adresse IP est anonymis\u00e9e et la partie conserv\u00e9e n&rsquo;est utilis\u00e9e que pour identifier le pays. Nous recueillons le type de votre navigateur internet et de votre syst\u00e8me d&rsquo;exploitation. Les donn\u00e9es sont automatiquement effac\u00e9es dans un d\u00e9lai conforme \u00e0 la r\u00e9glementation. Si ce site web contient un formulaire de contact, [&hellip;]","og_url":"https:\/\/www.nadinesalem.fr\/en\/politique-de-confidentialite\/","og_site_name":"Nadine Salem","article_publisher":"https:\/\/www.facebook.com\/nadine.salem.peintre?locale=fr_FR","article_modified_time":"2026-01-06T08:34:04+00:00","twitter_card":"summary_large_image","twitter_misc":{"Estimated reading time":"4 minutes"},"schema":{"@context":"https:\/\/schema.org","@graph":[{"@type":"WebPage","@id":"https:\/\/www.nadinesalem.fr\/politique-de-confidentialite\/","url":"https:\/\/www.nadinesalem.fr\/politique-de-confidentialite\/","name":"Politique de confidentialit\u00e9 - Nadine Salem","isPartOf":{"@id":"https:\/\/www.nadinesalem.fr\/#website"},"datePublished":"2024-10-05T15:38:05+00:00","dateModified":"2026-01-06T08:34:04+00:00","breadcrumb":{"@id":"https:\/\/www.nadinesalem.fr\/politique-de-confidentialite\/#breadcrumb"},"inLanguage":"en-GB","potentialAction":[{"@type":"ReadAction","target":["https:\/\/www.nadinesalem.fr\/politique-de-confidentialite\/"]}]},{"@type":"BreadcrumbList","@id":"https:\/\/www.nadinesalem.fr\/politique-de-confidentialite\/#breadcrumb","itemListElement":[{"@type":"ListItem","position":1,"name":"Home","item":"https:\/\/www.nadinesalem.fr\/"},{"@type":"ListItem","position":2,"name":"Politique de confidentialit\u00e9"}]},{"@type":"WebSite","@id":"https:\/\/www.nadinesalem.fr\/#website","url":"https:\/\/www.nadinesalem.fr\/","name":"Nadine Salem","description":"Le site de Nadine Salem","publisher":{"@id":"https:\/\/www.nadinesalem.fr\/#organization"},"potentialAction":[{"@type":"SearchAction","target":{"@type":"EntryPoint","urlTemplate":"https:\/\/www.nadinesalem.fr\/?s={search_term_string}"},"query-input":{"@type":"PropertyValueSpecification","valueRequired":true,"valueName":"search_term_string"}}],"inLanguage":"en-GB"},{"@type":"Organization","@id":"https:\/\/www.nadinesalem.fr\/#organization","name":"Nadine Salem","url":"https:\/\/www.nadinesalem.fr\/","logo":{"@type":"ImageObject","inLanguage":"en-GB","@id":"https:\/\/www.nadinesalem.fr\/#\/schema\/logo\/image\/","url":"https:\/\/www.nadinesalem.fr\/wp-content\/uploads\/sow-salem-logo.svg","contentUrl":"https:\/\/www.nadinesalem.fr\/wp-content\/uploads\/sow-salem-logo.svg","width":1,"height":1,"caption":"Nadine Salem"},"image":{"@id":"https:\/\/www.nadinesalem.fr\/#\/schema\/logo\/image\/"},"sameAs":["https:\/\/www.facebook.com\/nadine.salem.peintre?locale=fr_FR"]}]}},"_links":{"self":[{"href":"https:\/\/www.nadinesalem.fr\/en\/wp-json\/wp\/v2\/pages\/251","targetHints":{"allow":["GET"]}}],"collection":[{"href":"https:\/\/www.nadinesalem.fr\/en\/wp-json\/wp\/v2\/pages"}],"about":[{"href":"https:\/\/www.nadinesalem.fr\/en\/wp-json\/wp\/v2\/types\/page"}],"author":[{"embeddable":true,"href":"https:\/\/www.nadinesalem.fr\/en\/wp-json\/wp\/v2\/users\/6"}],"replies":[{"embeddable":true,"href":"https:\/\/www.nadinesalem.fr\/en\/wp-json\/wp\/v2\/comments?post=251"}],"version-history":[{"count":5,"href":"https:\/\/www.nadinesalem.fr\/en\/wp-json\/wp\/v2\/pages\/251\/revisions"}],"predecessor-version":[{"id":1825,"href":"https:\/\/www.nadinesalem.fr\/en\/wp-json\/wp\/v2\/pages\/251\/revisions\/1825"}],"wp:attachment":[{"href":"https:\/\/www.nadinesalem.fr\/en\/wp-json\/wp\/v2\/media?parent=251"}],"curies":[{"name":"wp","href":"https:\/\/api.w.org\/{rel}","templated":true}]}}